{"id":2,"date":"2018-12-17T21:26:30","date_gmt":"2018-12-17T21:26:30","guid":{"rendered":"https:\/\/cliniquedelamontagne.com\/?page_id=2"},"modified":"2025-12-06T10:49:15","modified_gmt":"2025-12-06T15:49:15","slug":"notre-equipe","status":"publish","type":"page","link":"https:\/\/cliniquedelamontagne.com\/en\/notre-equipe\/","title":{"rendered":"Our Team"},"content":{"rendered":"<p style=\"font-size: 22px; text-align: center;\"><i>Originally located in the historic Drummond Medical Building, the clinic is now at 2055 Peel Street to continue offering you the outstanding service you are accustomed receiving for nearly 40 years.<\/i><\/p>\n\n<div class=\"team-members row team-layout-3\">\n<div class=\"team-member wow slideInUp\" style=\"visibility: visible; animation-name: slideInUp;\">\n<div class=\"member-thumb\"><img loading=\"lazy\" decoding=\"async\" class=\"aligncenter\" src=\"https:\/\/cliniquedelamontagne.com\/wp-content\/uploads\/2024\/09\/DRLJ-scaled-e1727745317979.jpg\" alt=\"Dr Laurent Tran-Jolicoeur\" height=\"250\" width=\"250\"><\/div>\n<div class=\"member-info\">\n<h5 class=\"member-name\">Dr Laurent T. Jolicoeur<\/h5>\n<p class=\" translation-block\"><span class=\"member-position\">Dental Surgeon, Owner<\/span><br><span style=\"text-align: center\">Dr. Tran-Jolicoeur is holding a doctorate in dental medicine (DMD) from\u00a0<i>Universit\u00e9 Laval<\/i>\u00a0where he also completed a residency in implant dentistry. He holds a master\u2019s degree in global health policy (MSc) from the London School of Hygiene &amp; Tropical Medicine. He is a member of the\u00a0<i>Ordre des dentistes du Qu\u00e9bec<\/i>\u00a0Board of Directors and Executive, Governance, and Audit Committees.\u00a0He was previously sitting on the Human Ressources, Ethical Inquiry, and the Elections Advisory Committees of the Order. He is a Fellow of the Royal Society for Public Health (FRSPH) and of the Academy of General Dentistry (FAGD). Dr Jolicoeur is also a member of the\u00a0<i>Association des chirurgiens dentistes du Qu\u00e9bec<\/i> and the Canadian Dental Association. He was awarded the King Charles III Coronation Medal.<\/span><\/p>\n<\/div>\n<\/div>\n\n<div class=\"team-member wow slideInUp\" style=\"visibility: visible; animation-name: slideInUp;\">\n<div class=\"member-thumb\"><img loading=\"lazy\" decoding=\"async\" class=\"aligncenter\" src=\"https:\/\/cliniquedelamontagne.com\/wp-content\/uploads\/2025\/12\/DrN-1.jpg\" alt=\"Dre Thi-Minh-Nguyet Ngo\" height=\"250\" width=\"250\"><\/div>\n<div class=\"member-info\">\n<h5 class=\"member-name\">Dr Thi-Minh-Nguyet Ngo<\/h5>\n<p><span class=\"member-position\">Dental Surgeon<\/span><br><span style=\"display: block; text-align: center;\">Dr Ngo holds a doctorate in dental medicine (DMD) from\u00a0<i>Universit\u00e9 de Montr\u00e9al<\/i>. She is a member of the\u00a0<i>Ordre des dentistes du Qu\u00e9bec<\/i>, the\u00a0<i>Association des chirurgiens dentistes du Qu\u00e9bec<\/i> and the Canadian Dental Association. After practising for many years at her clinic in C\u00f4te-des-Neiges, Dr Ngo decided to be part of the team at <i>Clinique dentaire de la Montagne<\/i>.<\/span><\/p>\n<\/div>\n<\/div>\n\n<div class=\"team-member wow slideInUp\" style=\"visibility: visible; animation-name: slideInUp;\">\n<div class=\"member-thumb\"><img loading=\"lazy\" decoding=\"async\" class=\"aligncenter\" src=\"https:\/\/cliniquedelamontagne.com\/wp-content\/uploads\/2024\/09\/DRK.jpg\" alt=\"Dr Nairi Kalanian\" height=\"250\" width=\"250\"><\/div>\n<div class=\"member-info\">\n<h5 class=\"member-name\">Dr Nairi Kalanian<\/h5>\n<p><span class=\"member-position\">Retired Dentist<\/span><br><span style=\"display: block; text-align: center;\">Dr Kalanian holds a doctorate in dental surgery (DDS) from\u00a0<i>Universit\u00e9 de Montr\u00e9al<\/i>. The Clinic wishes him a happy retirement after working for around forty years in dentistry whether as a private practitioner or as a clinician at the <i>Universit\u00e9 de Montr\u00e9al<\/i>.<\/span><\/p>\n<\/div>\n<\/div>\n<\/div>\n<div class=\"team-members row team-layout-3\">\n<div class=\"team-member wow slideInUp\" style=\"visibility: visible; animation-name: slideInUp;\">\n<div class=\"member-thumb\"><img loading=\"lazy\" decoding=\"async\" class=\"aligncenter\" src=\"https:\/\/cliniquedelamontagne.com\/wp-content\/uploads\/2024\/09\/Adele.jpg\" alt=\"Ad\u00e8le\" height=\"250\" width=\"250\"><\/div>\n<div class=\"member-info\">\n<h5 class=\"member-name\">Ad\u00e8le<\/h5>\n<p><span class=\"member-position\">Office Manager<\/span><\/p>\n<\/div>\n<\/div>\n<div class=\"team-member wow slideInUp\" style=\"visibility: visible; animation-name: slideInUp;\">\n<div class=\"member-thumb\"><img loading=\"lazy\" decoding=\"async\" class=\"aligncenter\" src=\"https:\/\/cliniquedelamontagne.com\/wp-content\/uploads\/2024\/09\/Nat.jpg\" alt=\"Nathalie\" height=\"250\" width=\"250\"><\/div>\n<div class=\"member-info\">\n<h5 class=\"member-name\">Nathalie<\/h5>\n<p><span class=\"member-position\">Dental Hygienist<\/span><\/p>\n<\/div>\n<\/div>\n<div class=\"team-member wow slideInUp\" style=\"visibility: visible; animation-name: slideInUp;\">\n<div class=\"member-thumb\"><img loading=\"lazy\" decoding=\"async\" class=\"aligncenter\" src=\"https:\/\/cliniquedelamontagne.com\/wp-content\/uploads\/2024\/09\/Sylvia-e1727745005709.jpg\" alt=\"Sylvia\" height=\"250\" width=\"250\"><\/div>\n<div class=\"member-info\">\n<h5 class=\"member-name\">Sylvia<\/h5>\n<p><span class=\"member-position\">Dental Assistant<\/span><\/p>\n<\/div>\n<\/div>\n<\/div>\n<div class=\"team-members row team-layout-3\">\n<div class=\"team-member wow slideInUp\" style=\"visibility: visible; animation-name: slideInUp;\">\n<div class=\"member-thumb\"><img loading=\"lazy\" decoding=\"async\" class=\"aligncenter\" src=\"https:\/\/cliniquedelamontagne.com\/wp-content\/uploads\/2024\/09\/Chaima.jpg\" alt=\"Chaima\" height=\"250\" width=\"250\"><\/div>\n<div class=\"member-info\">\n<h5 class=\"member-name\">Chaima<\/h5>\n<p><span class=\"member-position\">Secretary<\/span><\/p>\n<\/div>\n<\/div>\n<\/div>","protected":false},"excerpt":{"rendered":"<p>Situ\u00e9e originalement dans l&rsquo;immeuble patrimonial de l&rsquo;\u00c9difice M\u00e9dical Drummond, la clinique se trouve d\u00e9sormais au 2055, rue Peel afin de continuer \u00e0 vous offrir un service exceptionnel, comme elle l&rsquo;a &#8230;<\/p>","protected":false},"author":1,"featured_media":0,"parent":0,"menu_order":0,"comment_status":"closed","ping_status":"closed","template":"","meta":{"_coblocks_attr":"","_coblocks_dimensions":"","_coblocks_responsive_height":"","_coblocks_accordion_ie_support":"","footnotes":""},"class_list":["post-2","page","type-page","status-publish","hentry"],"yoast_head":"<!-- This site is optimized with the Yoast SEO plugin v21.2 - https:\/\/yoast.com\/wordpress\/plugins\/seo\/ -->\n<title>Notre \u00e9quipe - Clinique dentaire de la Montagne | Centre-ville de Montr\u00e9al - Downtown Montreal Dental Clinic<\/title>\n<meta name=\"robots\" content=\"index, follow, max-snippet:-1, max-image-preview:large, max-video-preview:-1\" \/>\n<link rel=\"canonical\" href=\"https:\/\/cliniquedelamontagne.com\/en\/notre-equipe\/\" \/>\n<meta property=\"og:locale\" content=\"en_US\" \/>\n<meta property=\"og:type\" content=\"article\" \/>\n<meta property=\"og:title\" content=\"Notre \u00e9quipe - Clinique dentaire de la Montagne | Centre-ville de Montr\u00e9al - Downtown Montreal Dental Clinic\" \/>\n<meta property=\"og:description\" content=\"Situ\u00e9e originalement dans l&rsquo;immeuble patrimonial de l&rsquo;\u00c9difice M\u00e9dical Drummond, la clinique se trouve d\u00e9sormais au 2055, rue Peel afin de continuer \u00e0 vous offrir un service exceptionnel, comme elle l&rsquo;a ...\" \/>\n<meta property=\"og:url\" content=\"https:\/\/cliniquedelamontagne.com\/en\/notre-equipe\/\" \/>\n<meta property=\"og:site_name\" content=\"Clinique dentaire de la Montagne | Centre-ville de Montr\u00e9al - Downtown Montreal Dental Clinic\" \/>\n<meta property=\"article:modified_time\" content=\"2025-12-06T15:49:15+00:00\" \/>\n<meta property=\"og:image\" content=\"https:\/\/cliniquedelamontagne.com\/wp-content\/uploads\/2024\/09\/DRLJ-scaled-e1727745317979.jpg\" \/>\n<meta name=\"twitter:card\" content=\"summary_large_image\" \/>\n<meta name=\"twitter:label1\" content=\"Est. reading time\" \/>\n\t<meta name=\"twitter:data1\" content=\"4 minutes\" \/>\n<script type=\"application\/ld+json\" class=\"yoast-schema-graph\">{\"@context\":\"https:\/\/schema.org\",\"@graph\":[{\"@type\":\"WebPage\",\"@id\":\"https:\/\/cliniquedelamontagne.com\/notre-equipe\/\",\"url\":\"https:\/\/cliniquedelamontagne.com\/notre-equipe\/\",\"name\":\"Notre \u00e9quipe - Clinique dentaire de la Montagne | Centre-ville de Montr\u00e9al - Downtown Montreal Dental Clinic\",\"isPartOf\":{\"@id\":\"https:\/\/cliniquedelamontagne.com\/#website\"},\"datePublished\":\"2018-12-17T21:26:30+00:00\",\"dateModified\":\"2025-12-06T15:49:15+00:00\",\"breadcrumb\":{\"@id\":\"https:\/\/cliniquedelamontagne.com\/notre-equipe\/#breadcrumb\"},\"inLanguage\":\"en-CA\",\"potentialAction\":[{\"@type\":\"ReadAction\",\"target\":[\"https:\/\/cliniquedelamontagne.com\/notre-equipe\/\"]}]},{\"@type\":\"BreadcrumbList\",\"@id\":\"https:\/\/cliniquedelamontagne.com\/notre-equipe\/#breadcrumb\",\"itemListElement\":[{\"@type\":\"ListItem\",\"position\":1,\"name\":\"Accueil\",\"item\":\"https:\/\/cliniquedelamontagne.com\/\"},{\"@type\":\"ListItem\",\"position\":2,\"name\":\"Notre \u00e9quipe\"}]},{\"@type\":\"WebSite\",\"@id\":\"https:\/\/cliniquedelamontagne.com\/#website\",\"url\":\"https:\/\/cliniquedelamontagne.com\/\",\"name\":\"Clinique dentaire de la Montagne | Centre-ville de Montr\u00e9al - Downtown Montreal Dental Clinic\",\"description\":\"\",\"publisher\":{\"@id\":\"https:\/\/cliniquedelamontagne.com\/#organization\"},\"potentialAction\":[{\"@type\":\"SearchAction\",\"target\":{\"@type\":\"EntryPoint\",\"urlTemplate\":\"https:\/\/cliniquedelamontagne.com\/?s={search_term_string}\"},\"query-input\":\"required name=search_term_string\"}],\"inLanguage\":\"en-CA\"},{\"@type\":\"Organization\",\"@id\":\"https:\/\/cliniquedelamontagne.com\/#organization\",\"name\":\"Clinique dentaire de la Montagne | Centre-ville de Montr\u00e9al - Downtown Montreal Dental Clinic\",\"url\":\"https:\/\/cliniquedelamontagne.com\/\",\"logo\":{\"@type\":\"ImageObject\",\"inLanguage\":\"en-CA\",\"@id\":\"https:\/\/cliniquedelamontagne.com\/#\/schema\/logo\/image\/\",\"url\":\"https:\/\/cliniquedelamontagne.com\/wp-content\/uploads\/2018\/12\/cropped-logo.png\",\"contentUrl\":\"https:\/\/cliniquedelamontagne.com\/wp-content\/uploads\/2018\/12\/cropped-logo.png\",\"width\":1217,\"height\":451,\"caption\":\"Clinique dentaire de la Montagne | Centre-ville de Montr\u00e9al - Downtown Montreal Dental Clinic\"},\"image\":{\"@id\":\"https:\/\/cliniquedelamontagne.com\/#\/schema\/logo\/image\/\"}}]}<\/script>\n<!-- \/ Yoast SEO plugin. -->","yoast_head_json":{"title":"Notre \u00e9quipe - Clinique dentaire de la Montagne | Centre-ville de Montr\u00e9al - Downtown Montreal Dental Clinic","robots":{"index":"index","follow":"follow","max-snippet":"max-snippet:-1","max-image-preview":"max-image-preview:large","max-video-preview":"max-video-preview:-1"},"canonical":"https:\/\/cliniquedelamontagne.com\/en\/notre-equipe\/","og_locale":"en_US","og_type":"article","og_title":"Notre \u00e9quipe - Clinique dentaire de la Montagne | Centre-ville de Montr\u00e9al - Downtown Montreal Dental Clinic","og_description":"Situ\u00e9e originalement dans l&rsquo;immeuble patrimonial de l&rsquo;\u00c9difice M\u00e9dical Drummond, la clinique se trouve d\u00e9sormais au 2055, rue Peel afin de continuer \u00e0 vous offrir un service exceptionnel, comme elle l&rsquo;a ...","og_url":"https:\/\/cliniquedelamontagne.com\/en\/notre-equipe\/","og_site_name":"Clinique dentaire de la Montagne | Centre-ville de Montr\u00e9al - Downtown Montreal Dental Clinic","article_modified_time":"2025-12-06T15:49:15+00:00","og_image":[{"url":"https:\/\/cliniquedelamontagne.com\/wp-content\/uploads\/2024\/09\/DRLJ-scaled-e1727745317979.jpg"}],"twitter_card":"summary_large_image","twitter_misc":{"Est. reading time":"4 minutes"},"schema":{"@context":"https:\/\/schema.org","@graph":[{"@type":"WebPage","@id":"https:\/\/cliniquedelamontagne.com\/notre-equipe\/","url":"https:\/\/cliniquedelamontagne.com\/notre-equipe\/","name":"Notre \u00e9quipe - Clinique dentaire de la Montagne | Centre-ville de Montr\u00e9al - Downtown Montreal Dental Clinic","isPartOf":{"@id":"https:\/\/cliniquedelamontagne.com\/#website"},"datePublished":"2018-12-17T21:26:30+00:00","dateModified":"2025-12-06T15:49:15+00:00","breadcrumb":{"@id":"https:\/\/cliniquedelamontagne.com\/notre-equipe\/#breadcrumb"},"inLanguage":"en-CA","potentialAction":[{"@type":"ReadAction","target":["https:\/\/cliniquedelamontagne.com\/notre-equipe\/"]}]},{"@type":"BreadcrumbList","@id":"https:\/\/cliniquedelamontagne.com\/notre-equipe\/#breadcrumb","itemListElement":[{"@type":"ListItem","position":1,"name":"Accueil","item":"https:\/\/cliniquedelamontagne.com\/"},{"@type":"ListItem","position":2,"name":"Notre \u00e9quipe"}]},{"@type":"WebSite","@id":"https:\/\/cliniquedelamontagne.com\/#website","url":"https:\/\/cliniquedelamontagne.com\/","name":"Clinique dentaire de la Montagne | Centre-ville de Montr\u00e9al - Downtown Montreal Dental Clinic","description":"","publisher":{"@id":"https:\/\/cliniquedelamontagne.com\/#organization"},"potentialAction":[{"@type":"SearchAction","target":{"@type":"EntryPoint","urlTemplate":"https:\/\/cliniquedelamontagne.com\/?s={search_term_string}"},"query-input":"required name=search_term_string"}],"inLanguage":"en-CA"},{"@type":"Organization","@id":"https:\/\/cliniquedelamontagne.com\/#organization","name":"Clinique dentaire de la Montagne | Centre-ville de Montr\u00e9al - Downtown Montreal Dental Clinic","url":"https:\/\/cliniquedelamontagne.com\/","logo":{"@type":"ImageObject","inLanguage":"en-CA","@id":"https:\/\/cliniquedelamontagne.com\/#\/schema\/logo\/image\/","url":"https:\/\/cliniquedelamontagne.com\/wp-content\/uploads\/2018\/12\/cropped-logo.png","contentUrl":"https:\/\/cliniquedelamontagne.com\/wp-content\/uploads\/2018\/12\/cropped-logo.png","width":1217,"height":451,"caption":"Clinique dentaire de la Montagne | Centre-ville de Montr\u00e9al - Downtown Montreal Dental Clinic"},"image":{"@id":"https:\/\/cliniquedelamontagne.com\/#\/schema\/logo\/image\/"}}]}},"_links":{"self":[{"href":"https:\/\/cliniquedelamontagne.com\/en\/wp-json\/wp\/v2\/pages\/2","targetHints":{"allow":["GET"]}}],"collection":[{"href":"https:\/\/cliniquedelamontagne.com\/en\/wp-json\/wp\/v2\/pages"}],"about":[{"href":"https:\/\/cliniquedelamontagne.com\/en\/wp-json\/wp\/v2\/types\/page"}],"author":[{"embeddable":true,"href":"https:\/\/cliniquedelamontagne.com\/en\/wp-json\/wp\/v2\/users\/1"}],"replies":[{"embeddable":true,"href":"https:\/\/cliniquedelamontagne.com\/en\/wp-json\/wp\/v2\/comments?post=2"}],"version-history":[{"count":87,"href":"https:\/\/cliniquedelamontagne.com\/en\/wp-json\/wp\/v2\/pages\/2\/revisions"}],"predecessor-version":[{"id":2615,"href":"https:\/\/cliniquedelamontagne.com\/en\/wp-json\/wp\/v2\/pages\/2\/revisions\/2615"}],"wp:attachment":[{"href":"https:\/\/cliniquedelamontagne.com\/en\/wp-json\/wp\/v2\/media?parent=2"}],"curies":[{"name":"wp","href":"https:\/\/api.w.org\/{rel}","templated":true}]}}