{"id":429,"date":"2018-12-18T11:02:32","date_gmt":"2018-12-18T16:02:32","guid":{"rendered":"https:\/\/cliniquedelamontagne.com\/?page_id=429"},"modified":"2023-09-23T18:02:29","modified_gmt":"2023-09-23T23:02:29","slug":"rv-en-ligne","status":"publish","type":"page","link":"https:\/\/cliniquedelamontagne.com\/en\/rv-en-ligne\/","title":{"rendered":"Schedule an appointment"},"content":{"rendered":"<p style=\"text-align: justify;\" class=\" translation-block\">To schedule an appointment, please <strong>fill the following form<\/strong>. If you are a new patient, you can fill in advance the confidential <strong>medical questionnaire<\/strong> available <a href=\"https:\/\/cliniquedelamontagne.com\/wp-content\/uploads\/2019\/01\/Medical-Questionnaire-en.pdf\" target=\"_blank\" rel=\"noopener\">here<\/a> before your appointment. If you have any questions, you can also call us at <strong>514-844-2334<\/strong>.<\/p>\n<p>&nbsp;<\/p>\n<p style=\"text-align: center;\"><div class='fluentform ff-default fluentform_wrapper_3 ffs_default_wrap'><form data-form_id=\"3\" id=\"fluentform_3\" class=\"frm-fluent-form fluent_form_3 ff-el-form-top ff_form_instance_3_1 ff-form-loading ffs_default\" data-form_instance=\"ff_form_instance_3_1\" method=\"POST\" action=\"\" ><fieldset  style=\"border: none!important;margin: 0!important;padding: 0!important;background-color: transparent!important;box-shadow: none!important;outline: none!important; min-inline-size: 100%;\">\n                    <legend class=\"ff_screen_reader_title\" style=\"display: block; margin: 0!important;padding: 0!important;height: 0!important;text-indent: -999999px;width: 0!important;overflow:hidden;\">Rendez-vous<\/legend>        <div\n                style=\"display: none!important; position: absolute!important; transform: translateX(1000%)!important;\"\n                class=\"ff-el-group ff-hpsf-container\"\n        >\n            <div class=\"ff-el-input--label asterisk-right\">\n                <label for=\"ff_3_item_sf\" aria-label=\"Subscribe\">\n                    Subscribe                <\/label>\n            <\/div>\n            <div class=\"ff-el-input--content\">\n                <input type=\"text\"\n                       name=\"item_3__fluent_sf\"\n                       class=\"ff-el-form-control\"\n                       id=\"ff_3_item_sf\"\n                \/>\n            <\/div>\n        <\/div>\n        <input type='hidden' name='__fluent_form_embded_post_id' value='429' \/><input type=\"hidden\" id=\"_fluentform_3_fluentformnonce\" name=\"_fluentform_3_fluentformnonce\" value=\"ef9f8d899e\" \/><input type=\"hidden\" name=\"_wp_http_referer\" value=\"\/en\/wp-json\/wp\/v2\/pages\/429\" \/><div data-name=\"ff_cn_id_1\"  class='ff-t-container ff-column-container ff_columns_total_2'><div class='ff-t-cell ff-t-column-1' style='flex-basis: 16.52%;'><div class='ff-el-group'><div class=\"ff-el-input--label ff-el-is-required asterisk-right\"><label for='ff_3_dropdown' id='label_ff_3_dropdown' aria-label=\"Title\">Title<\/label><\/div><div class='ff-el-input--content'><select name=\"dropdown\" id=\"ff_3_dropdown\" class=\"ff-el-form-control\" data-name=\"dropdown\" data-calc_value=\"0\"  aria-invalid=\"false\" aria-required=\"true\" aria-labelledby=\"label_ff_3_dropdown\"><option value=\"M.\"  >Mr<\/option><option value=\"Mme\"  >Mrs<\/option><option value=\"Mlle\"  >Miss<\/option><option value=\"Dr\"  >Dr.<\/option><option  selected><\/option><\/select><\/div><\/div><\/div><div class='ff-t-cell ff-t-column-2' style='flex-basis: 83.48%;'><div data-type=\"name-element\" data-name=\"names\" class=\"ff-field_container ff-name-field-wrapper\" ><div class='ff-t-container'><div class='ff-t-cell'><div class='ff-el-group  ff-el-form-top'><div class=\"ff-el-input--label ff-el-is-required asterisk-right\"><label for='ff_3_names_first_name_' id='label_ff_3_names_first_name_' >First Name<\/label><\/div><div class='ff-el-input--content'><input type=\"text\" name=\"names[first_name]\" id=\"ff_3_names_first_name_\" class=\"ff-el-form-control\" aria-invalid=\"false\" aria-required=\"true\"><\/div><\/div><\/div><div class='ff-t-cell'><div class='ff-el-group  ff-el-form-top'><div class=\"ff-el-input--label ff-el-is-required asterisk-right\"><label for='ff_3_names_last_name_' id='label_ff_3_names_last_name_' >Last Name<\/label><\/div><div class='ff-el-input--content'><input type=\"text\" name=\"names[last_name]\" id=\"ff_3_names_last_name_\" class=\"ff-el-form-control\" aria-invalid=\"false\" aria-required=\"true\"><\/div><\/div><\/div><\/div><\/div><\/div><\/div><div data-name=\"ff_cn_id_2\"  class='ff-t-container ff-column-container ff_columns_total_2'><div class='ff-t-cell ff-t-column-1' style='flex-basis: 50%;'><div class='ff-el-group'><div class=\"ff-el-input--label ff-el-is-required asterisk-right\"><label for='ff_3_datetime_1' id='label_ff_3_datetime_1' aria-label=\"Date of birth\">Date of birth<\/label><\/div><div class='ff-el-input--content'><input  aria-label='Date de naissance Use arrow keys to navigate dates. Press enter to select a date.'  aria-haspopup='dialog' data-type-datepicker data-format='d\/m\/Y' type=\"text\" name=\"datetime_1\" id=\"ff_3_datetime_1\" class=\"ff-el-form-control ff-el-datepicker\" data-name=\"datetime_1\"  aria-invalid='false' aria-required=\"true\"><\/div><\/div><\/div><div class='ff-t-cell ff-t-column-2' style='flex-basis: 50%;'><div class='ff-el-group'><div class=\"ff-el-input--label ff-el-is-required asterisk-right\"><label   aria-label=\"Are you a new patient?\">Are you a new patient?<\/label><\/div><div class='ff-el-input--content'><div class='ff-el-form-check ff-el-form-check-'><label class='ff-el-form-check-label' for='input_radio_1_cd1d43998b9c6c0dcfd359ecc40824f7'><input  type=\"radio\" name=\"input_radio_1\" data-name=\"input_radio_1\" class=\"ff-el-form-check-input ff-el-form-check-radio\" value=\"Oui\"  id='input_radio_1_cd1d43998b9c6c0dcfd359ecc40824f7' aria-label='Yes' aria-invalid='false' aria-required=\"true\"> <span>Yes<\/span><\/label><\/div><div class='ff-el-form-check ff-el-form-check-'><label class='ff-el-form-check-label' for='input_radio_1_08efd97e540e103e594e88411a7cafdf'><input  type=\"radio\" name=\"input_radio_1\" data-name=\"input_radio_1\" class=\"ff-el-form-check-input ff-el-form-check-radio\" value=\"Non\"  id='input_radio_1_08efd97e540e103e594e88411a7cafdf' aria-label='No' aria-invalid='false' aria-required=\"true\"> <span>No<\/span><\/label><\/div><\/div><\/div><\/div><\/div><div class='ff-el-group'><div class=\"ff-el-input--label ff-el-is-required asterisk-right\"><label for='ff_3_email' id='label_ff_3_email' aria-label=\"Email\">Email<\/label><\/div><div class='ff-el-input--content'><input type=\"email\" name=\"email\" id=\"ff_3_email\" class=\"ff-el-form-control\" data-name=\"email\"  aria-invalid=\"false\" aria-required=\"true\"><\/div><\/div><div class='ff-el-group'><div class=\"ff-el-input--label ff-el-is-required asterisk-right\"><label for='ff_3_input_text' id='label_ff_3_input_text' aria-label=\"Phone number\">Phone number<\/label><\/div><div class='ff-el-input--content'><input type=\"text\" name=\"input_text\" class=\"ff-el-form-control\" maxlength=\"20\" data-name=\"input_text\" id=\"ff_3_input_text\"  aria-invalid=\"false\" aria-required=\"true\"><\/div><\/div><div data-name=\"ff_cn_id_3\"  class='ff-t-container ff-column-container ff_columns_total_2'><div class='ff-t-cell ff-t-column-1' style='flex-basis: 50%;'><div class='ff-el-group'><div class=\"ff-el-input--label ff-el-is-required asterisk-right\"><label for='ff_3_datetime' id='label_ff_3_datetime' aria-label=\"First choice of appointment\">First choice of appointment<\/label><\/div><div class='ff-el-input--content'><input  aria-label='1er choix de RV Use arrow keys to navigate dates. Press enter to select a date.'  aria-haspopup='dialog' data-type-datepicker data-format='d\/m\/Y' type=\"text\" name=\"datetime\" id=\"ff_3_datetime\" class=\"ff-el-form-control ff-el-datepicker\" data-name=\"datetime\"  aria-invalid='false' aria-required=\"true\"><\/div><\/div><\/div><div class='ff-t-cell ff-t-column-2' style='flex-basis: 50%;'><div class='ff-el-group'><div class=\"ff-el-input--label ff-el-is-required asterisk-right\"><label for='ff_3_datetime_2' id='label_ff_3_datetime_2' aria-label=\"Second choice of appointment\">Second choice of appointment<\/label><\/div><div class='ff-el-input--content'><input  aria-label='2e choix de RV Use arrow keys to navigate dates. Press enter to select a date.'  aria-haspopup='dialog' data-type-datepicker data-format='d\/m\/Y' type=\"text\" name=\"datetime_2\" id=\"ff_3_datetime_2\" class=\"ff-el-form-control ff-el-datepicker\" data-name=\"datetime_2\"  aria-invalid='false' aria-required=\"true\"><\/div><\/div><\/div><\/div><div class='ff-el-group'><div class=\"ff-el-input--label asterisk-right\"><label for='ff_3_description' id='label_ff_3_description' aria-label=\"Details\">Details<\/label><\/div><div class='ff-el-input--content'><textarea aria-required=\"false\" aria-labelledby=\"label_ff_3_description\" name=\"description\" id=\"ff_3_description\" class=\"ff-el-form-control\" rows=\"3\" cols=\"2\" maxlength=\"900\" data-name=\"description\" ><\/textarea><\/div><\/div><div class='ff-el-group' ><div class='ff-el-input--content'><div data-fluent_id='3' name='g-recaptcha-response'><div\n\t\tdata-sitekey='6LcnLagqAAAAAHePKCJx7nrc4D5W8-lOkuqXgbk1'\n\t\tid='fluentform-recaptcha-3-1'\n\t\tclass='ff-el-recaptcha g-recaptcha'\n\t\tdata-callback='fluentFormrecaptchaSuccessCallback'><\/div><\/div><\/div><\/div><div class='ff-el-group ff-text-left { font-size: 13px; } ff_submit_btn_wrapper'><button type=\"submit\" class=\"ff-btn ff-btn-submit ff-btn-md ff_btn_style wpf_has_custom_css\"  aria-label=\"SEND\">SEND<\/button><\/div><\/fieldset><input type=\"hidden\" name=\"trp-form-language\" value=\"en\"\/><\/form><div id='fluentform_3_errors' class='ff-errors-in-stack ff_form_instance_3_1 ff-form-loading_errors ff_form_instance_3_1_errors'><\/div><\/div>            <script type=\"text\/javascript\">\n                window.fluent_form_ff_form_instance_3_1 = {\"id\":\"3\",\"ajaxUrl\":\"https:\\\/\\\/cliniquedelamontagne.com\\\/wp-admin\\\/admin-ajax.php\",\"settings\":{\"layout\":{\"labelPlacement\":\"top\",\"helpMessagePlacement\":\"with_label\",\"errorMessagePlacement\":\"inline\",\"cssClassName\":\"\",\"asteriskPlacement\":\"asterisk-right\"},\"restrictions\":{\"denyEmptySubmission\":{\"enabled\":false}}},\"form_instance\":\"ff_form_instance_3_1\",\"form_id_selector\":\"fluentform_3\",\"rules\":{\"dropdown\":{\"required\":{\"value\":true,\"message\":\"Ce champ est obligatoire\",\"global\":false,\"global_message\":\"Ce champ est obligatoire\"}},\"names[first_name]\":{\"required\":{\"value\":true,\"message\":\"Ce champ est obligatoire\",\"global\":false,\"global_message\":\"Ce champ est obligatoire\"}},\"names[middle_name]\":{\"required\":{\"value\":false,\"message\":\"Ce champ est obligatoire\",\"global\":false,\"global_message\":\"Ce champ est obligatoire\"}},\"names[last_name]\":{\"required\":{\"value\":true,\"message\":\"Ce champ est obligatoire\",\"global\":false,\"global_message\":\"Ce champ est obligatoire\"}},\"datetime_1\":{\"required\":{\"value\":true,\"message\":\"Ce champ est obligatoire\",\"global\":false,\"global_message\":\"Ce champ est obligatoire\"}},\"input_radio_1\":{\"required\":{\"value\":true,\"message\":\"Ce champ est obligatoire\",\"global\":false,\"global_message\":\"Ce champ est obligatoire\"}},\"email\":{\"required\":{\"value\":true,\"message\":\"Ce champ est obligatoire\",\"global\":false,\"global_message\":\"Ce champ est obligatoire\"},\"email\":{\"value\":true,\"message\":\"Ce champ doit contenir un e-mail valide\",\"global\":false,\"global_message\":\"Ce champ doit contenir un e-mail valide\"}},\"input_text\":{\"required\":{\"value\":true,\"message\":\"Ce champ est obligatoire\",\"global\":false,\"global_message\":\"Ce champ est obligatoire\"}},\"datetime\":{\"required\":{\"value\":true,\"message\":\"Ce champ est obligatoire\",\"global\":false,\"global_message\":\"Ce champ est obligatoire\"}},\"datetime_2\":{\"required\":{\"value\":true,\"message\":\"Ce champ est obligatoire\",\"global\":false,\"global_message\":\"Ce champ est obligatoire\"}},\"description\":{\"required\":{\"value\":false,\"message\":\"Ce champ est obligatoire\",\"global\":false,\"global_message\":\"Ce champ est obligatoire\"}},\"g-recaptcha-response\":[]},\"debounce_time\":300};\n                            <\/script>\n            <\/p>","protected":false},"excerpt":{"rendered":"<p>Afin de prendre un rendez-vous en ligne, veuillez SVP remplir le formulaire suivant. Si vous \u00eates un nouveau patient, vous pouvez compl\u00e9ter d&rsquo;avance le questionnaire m\u00e9dical confidentiel se trouvant ici &#8230;<\/p>","protected":false},"author":1,"featured_media":0,"parent":0,"menu_order":0,"comment_status":"closed","ping_status":"closed","template":"","meta":{"_coblocks_attr":"","_coblocks_dimensions":"","_coblocks_responsive_height":"","_coblocks_accordion_ie_support":"","footnotes":""},"class_list":["post-429","page","type-page","status-publish","hentry"],"yoast_head":"<!-- This site is optimized with the Yoast SEO plugin v21.2 - https:\/\/yoast.com\/wordpress\/plugins\/seo\/ -->\n<title>Prenez un rendez-vous - Clinique dentaire de la Montagne | Centre-ville de Montr\u00e9al - Downtown Montreal Dental Clinic<\/title>\n<meta name=\"robots\" content=\"index, follow, max-snippet:-1, max-image-preview:large, max-video-preview:-1\" \/>\n<link rel=\"canonical\" href=\"https:\/\/cliniquedelamontagne.com\/en\/rv-en-ligne\/\" \/>\n<meta property=\"og:locale\" content=\"en_US\" \/>\n<meta property=\"og:type\" content=\"article\" \/>\n<meta property=\"og:title\" content=\"Prenez un rendez-vous - Clinique dentaire de la Montagne | Centre-ville de Montr\u00e9al - Downtown Montreal Dental Clinic\" \/>\n<meta property=\"og:description\" content=\"Afin de prendre un rendez-vous en ligne, veuillez SVP remplir le formulaire suivant. Si vous \u00eates un nouveau patient, vous pouvez compl\u00e9ter d&rsquo;avance le questionnaire m\u00e9dical confidentiel se trouvant ici ...\" \/>\n<meta property=\"og:url\" content=\"https:\/\/cliniquedelamontagne.com\/en\/rv-en-ligne\/\" \/>\n<meta property=\"og:site_name\" content=\"Clinique dentaire de la Montagne | Centre-ville de Montr\u00e9al - Downtown Montreal Dental Clinic\" \/>\n<meta property=\"article:modified_time\" content=\"2023-09-23T23:02:29+00:00\" \/>\n<meta name=\"twitter:card\" content=\"summary_large_image\" \/>\n<meta name=\"twitter:label1\" content=\"Est. reading time\" \/>\n\t<meta name=\"twitter:data1\" content=\"1 minute\" \/>\n<script type=\"application\/ld+json\" class=\"yoast-schema-graph\">{\"@context\":\"https:\/\/schema.org\",\"@graph\":[{\"@type\":\"WebPage\",\"@id\":\"https:\/\/cliniquedelamontagne.com\/rv-en-ligne\/\",\"url\":\"https:\/\/cliniquedelamontagne.com\/rv-en-ligne\/\",\"name\":\"Prenez un rendez-vous - Clinique dentaire de la Montagne | Centre-ville de Montr\u00e9al - Downtown Montreal Dental Clinic\",\"isPartOf\":{\"@id\":\"https:\/\/cliniquedelamontagne.com\/#website\"},\"datePublished\":\"2018-12-18T16:02:32+00:00\",\"dateModified\":\"2023-09-23T23:02:29+00:00\",\"breadcrumb\":{\"@id\":\"https:\/\/cliniquedelamontagne.com\/rv-en-ligne\/#breadcrumb\"},\"inLanguage\":\"en-CA\",\"potentialAction\":[{\"@type\":\"ReadAction\",\"target\":[\"https:\/\/cliniquedelamontagne.com\/rv-en-ligne\/\"]}]},{\"@type\":\"BreadcrumbList\",\"@id\":\"https:\/\/cliniquedelamontagne.com\/rv-en-ligne\/#breadcrumb\",\"itemListElement\":[{\"@type\":\"ListItem\",\"position\":1,\"name\":\"Accueil\",\"item\":\"https:\/\/cliniquedelamontagne.com\/\"},{\"@type\":\"ListItem\",\"position\":2,\"name\":\"Prenez un rendez-vous\"}]},{\"@type\":\"WebSite\",\"@id\":\"https:\/\/cliniquedelamontagne.com\/#website\",\"url\":\"https:\/\/cliniquedelamontagne.com\/\",\"name\":\"Clinique dentaire de la Montagne | Centre-ville de Montr\u00e9al - Downtown Montreal Dental Clinic\",\"description\":\"\",\"publisher\":{\"@id\":\"https:\/\/cliniquedelamontagne.com\/#organization\"},\"potentialAction\":[{\"@type\":\"SearchAction\",\"target\":{\"@type\":\"EntryPoint\",\"urlTemplate\":\"https:\/\/cliniquedelamontagne.com\/?s={search_term_string}\"},\"query-input\":\"required name=search_term_string\"}],\"inLanguage\":\"en-CA\"},{\"@type\":\"Organization\",\"@id\":\"https:\/\/cliniquedelamontagne.com\/#organization\",\"name\":\"Clinique dentaire de la Montagne | Centre-ville de Montr\u00e9al - Downtown Montreal Dental Clinic\",\"url\":\"https:\/\/cliniquedelamontagne.com\/\",\"logo\":{\"@type\":\"ImageObject\",\"inLanguage\":\"en-CA\",\"@id\":\"https:\/\/cliniquedelamontagne.com\/#\/schema\/logo\/image\/\",\"url\":\"https:\/\/cliniquedelamontagne.com\/wp-content\/uploads\/2018\/12\/cropped-logo.png\",\"contentUrl\":\"https:\/\/cliniquedelamontagne.com\/wp-content\/uploads\/2018\/12\/cropped-logo.png\",\"width\":1217,\"height\":451,\"caption\":\"Clinique dentaire de la Montagne | Centre-ville de Montr\u00e9al - Downtown Montreal Dental Clinic\"},\"image\":{\"@id\":\"https:\/\/cliniquedelamontagne.com\/#\/schema\/logo\/image\/\"}}]}<\/script>\n<!-- \/ Yoast SEO plugin. -->","yoast_head_json":{"title":"Prenez un rendez-vous - Clinique dentaire de la Montagne | Centre-ville de Montr\u00e9al - Downtown Montreal Dental Clinic","robots":{"index":"index","follow":"follow","max-snippet":"max-snippet:-1","max-image-preview":"max-image-preview:large","max-video-preview":"max-video-preview:-1"},"canonical":"https:\/\/cliniquedelamontagne.com\/en\/rv-en-ligne\/","og_locale":"en_US","og_type":"article","og_title":"Prenez un rendez-vous - Clinique dentaire de la Montagne | Centre-ville de Montr\u00e9al - Downtown Montreal Dental Clinic","og_description":"Afin de prendre un rendez-vous en ligne, veuillez SVP remplir le formulaire suivant. Si vous \u00eates un nouveau patient, vous pouvez compl\u00e9ter d&rsquo;avance le questionnaire m\u00e9dical confidentiel se trouvant ici ...","og_url":"https:\/\/cliniquedelamontagne.com\/en\/rv-en-ligne\/","og_site_name":"Clinique dentaire de la Montagne | Centre-ville de Montr\u00e9al - Downtown Montreal Dental Clinic","article_modified_time":"2023-09-23T23:02:29+00:00","twitter_card":"summary_large_image","twitter_misc":{"Est. reading time":"1 minute"},"schema":{"@context":"https:\/\/schema.org","@graph":[{"@type":"WebPage","@id":"https:\/\/cliniquedelamontagne.com\/rv-en-ligne\/","url":"https:\/\/cliniquedelamontagne.com\/rv-en-ligne\/","name":"Prenez un rendez-vous - Clinique dentaire de la Montagne | Centre-ville de Montr\u00e9al - Downtown Montreal Dental Clinic","isPartOf":{"@id":"https:\/\/cliniquedelamontagne.com\/#website"},"datePublished":"2018-12-18T16:02:32+00:00","dateModified":"2023-09-23T23:02:29+00:00","breadcrumb":{"@id":"https:\/\/cliniquedelamontagne.com\/rv-en-ligne\/#breadcrumb"},"inLanguage":"en-CA","potentialAction":[{"@type":"ReadAction","target":["https:\/\/cliniquedelamontagne.com\/rv-en-ligne\/"]}]},{"@type":"BreadcrumbList","@id":"https:\/\/cliniquedelamontagne.com\/rv-en-ligne\/#breadcrumb","itemListElement":[{"@type":"ListItem","position":1,"name":"Accueil","item":"https:\/\/cliniquedelamontagne.com\/"},{"@type":"ListItem","position":2,"name":"Prenez un rendez-vous"}]},{"@type":"WebSite","@id":"https:\/\/cliniquedelamontagne.com\/#website","url":"https:\/\/cliniquedelamontagne.com\/","name":"Clinique dentaire de la Montagne | Centre-ville de Montr\u00e9al - Downtown Montreal Dental Clinic","description":"","publisher":{"@id":"https:\/\/cliniquedelamontagne.com\/#organization"},"potentialAction":[{"@type":"SearchAction","target":{"@type":"EntryPoint","urlTemplate":"https:\/\/cliniquedelamontagne.com\/?s={search_term_string}"},"query-input":"required name=search_term_string"}],"inLanguage":"en-CA"},{"@type":"Organization","@id":"https:\/\/cliniquedelamontagne.com\/#organization","name":"Clinique dentaire de la Montagne | Centre-ville de Montr\u00e9al - Downtown Montreal Dental Clinic","url":"https:\/\/cliniquedelamontagne.com\/","logo":{"@type":"ImageObject","inLanguage":"en-CA","@id":"https:\/\/cliniquedelamontagne.com\/#\/schema\/logo\/image\/","url":"https:\/\/cliniquedelamontagne.com\/wp-content\/uploads\/2018\/12\/cropped-logo.png","contentUrl":"https:\/\/cliniquedelamontagne.com\/wp-content\/uploads\/2018\/12\/cropped-logo.png","width":1217,"height":451,"caption":"Clinique dentaire de la Montagne | Centre-ville de Montr\u00e9al - Downtown Montreal Dental Clinic"},"image":{"@id":"https:\/\/cliniquedelamontagne.com\/#\/schema\/logo\/image\/"}}]}},"_links":{"self":[{"href":"https:\/\/cliniquedelamontagne.com\/en\/wp-json\/wp\/v2\/pages\/429","targetHints":{"allow":["GET"]}}],"collection":[{"href":"https:\/\/cliniquedelamontagne.com\/en\/wp-json\/wp\/v2\/pages"}],"about":[{"href":"https:\/\/cliniquedelamontagne.com\/en\/wp-json\/wp\/v2\/types\/page"}],"author":[{"embeddable":true,"href":"https:\/\/cliniquedelamontagne.com\/en\/wp-json\/wp\/v2\/users\/1"}],"replies":[{"embeddable":true,"href":"https:\/\/cliniquedelamontagne.com\/en\/wp-json\/wp\/v2\/comments?post=429"}],"version-history":[{"count":19,"href":"https:\/\/cliniquedelamontagne.com\/en\/wp-json\/wp\/v2\/pages\/429\/revisions"}],"predecessor-version":[{"id":2536,"href":"https:\/\/cliniquedelamontagne.com\/en\/wp-json\/wp\/v2\/pages\/429\/revisions\/2536"}],"wp:attachment":[{"href":"https:\/\/cliniquedelamontagne.com\/en\/wp-json\/wp\/v2\/media?parent=429"}],"curies":[{"name":"wp","href":"https:\/\/api.w.org\/{rel}","templated":true}]}}